{"id":1597,"date":"2021-04-01T22:11:44","date_gmt":"2021-04-01T20:11:44","guid":{"rendered":"https:\/\/entwicklungsoekonomischer-ausschuss.de\/?page_id=1597"},"modified":"2023-12-04T17:08:33","modified_gmt":"2023-12-04T16:08:33","slug":"mitglied-werden","status":"publish","type":"page","link":"https:\/\/entwicklungsoekonomischer-ausschuss.de\/en\/ueber\/mitglied-werden\/","title":{"rendered":"Becoming a Member"},"content":{"rendered":"<p class=\" translation-block\">Researchers who would like to become a member of the Research Group should have presented a paper at the annual conference of the group several times and should have several publications in the leading development economics journals or in high level economic general interest journals with research on development relevant topics. Moreover, they need a recommendation from at least one member of the research group.<\/p>\n\n\n\n<p>Die <a href=\"https:\/\/entwicklungsoekonomischer-ausschuss.de\/ueber\/vorsitzender\/\" data-type=\"page\" data-id=\"358\">Chairperson<\/a> .<\/p>","protected":false},"excerpt":{"rendered":"<p>Interessierte Forscherinnen und Forscher, welche gerne Mitglied im Ausschuss werden m\u00f6chten, sollten mehrmals einen Vortrag im offenen Teil der Jahrestagung gehalten haben und durch Publikationen in den f\u00fchrenden entwicklungs\u00f6konomischen Fachzeitschriften oder durch Publikationen zu entwicklungsrelevanten Themen in hochrangigen \u00f6konomischen General Interest Fachzeitschriften ausgewiesen sein. Sie brauchen zudem die Empfehlung mindestens eines Mitglieds. Die Vorsitzende beantwortet [&hellip;]<\/p>","protected":false},"author":1,"featured_media":0,"parent":7,"menu_order":0,"comment_status":"closed","ping_status":"closed","template":"","meta":[],"uagb_featured_image_src":{"full":false,"thumbnail":false,"medium":false,"medium_large":false,"large":false,"1536x1536":false,"2048x2048":false,"trp-custom-language-flag":false},"uagb_author_info":{"display_name":"entwicklungsoekonomischerausschuss","author_link":"https:\/\/entwicklungsoekonomischer-ausschuss.de\/en\/author\/entwicklungsoekonomischerausschuss\/"},"uagb_comment_info":0,"uagb_excerpt":"Interessierte Forscherinnen und Forscher, welche gerne Mitglied im Ausschuss werden m\u00f6chten, sollten mehrmals einen Vortrag im offenen Teil der Jahrestagung gehalten haben und durch Publikationen in den f\u00fchrenden entwicklungs\u00f6konomischen Fachzeitschriften oder durch Publikationen zu entwicklungsrelevanten Themen in hochrangigen \u00f6konomischen General Interest Fachzeitschriften ausgewiesen sein. Sie brauchen zudem die Empfehlung mindestens eines Mitglieds. Die Vorsitzende beantwortet&hellip;","_links":{"self":[{"href":"https:\/\/entwicklungsoekonomischer-ausschuss.de\/en\/wp-json\/wp\/v2\/pages\/1597"}],"collection":[{"href":"https:\/\/entwicklungsoekonomischer-ausschuss.de\/en\/wp-json\/wp\/v2\/pages"}],"about":[{"href":"https:\/\/entwicklungsoekonomischer-ausschuss.de\/en\/wp-json\/wp\/v2\/types\/page"}],"author":[{"embeddable":true,"href":"https:\/\/entwicklungsoekonomischer-ausschuss.de\/en\/wp-json\/wp\/v2\/users\/1"}],"replies":[{"embeddable":true,"href":"https:\/\/entwicklungsoekonomischer-ausschuss.de\/en\/wp-json\/wp\/v2\/comments?post=1597"}],"version-history":[{"count":4,"href":"https:\/\/entwicklungsoekonomischer-ausschuss.de\/en\/wp-json\/wp\/v2\/pages\/1597\/revisions"}],"predecessor-version":[{"id":2964,"href":"https:\/\/entwicklungsoekonomischer-ausschuss.de\/en\/wp-json\/wp\/v2\/pages\/1597\/revisions\/2964"}],"up":[{"embeddable":true,"href":"https:\/\/entwicklungsoekonomischer-ausschuss.de\/en\/wp-json\/wp\/v2\/pages\/7"}],"wp:attachment":[{"href":"https:\/\/entwicklungsoekonomischer-ausschuss.de\/en\/wp-json\/wp\/v2\/media?parent=1597"}],"curies":[{"name":"wp","href":"https:\/\/api.w.org\/{rel}","templated":true}]}}