{"id":1612,"date":"2021-04-14T12:18:42","date_gmt":"2021-04-14T10:18:42","guid":{"rendered":"https:\/\/entwicklungsoekonomischer-ausschuss.de\/?page_id=1612"},"modified":"2023-11-27T16:00:30","modified_gmt":"2023-11-27T15:00:30","slug":"impressum","status":"publish","type":"page","link":"https:\/\/entwicklungsoekonomischer-ausschuss.de\/en\/impressum\/","title":{"rendered":"Site Notice"},"content":{"rendered":"<h5>Angaben gem\u00e4\u00df \u00a7 5 TMG<\/h5>\n\n\n\n<p>Entwicklungs\u00f6konomischer Ausschuss des Vereins f\u00fcr Socialpolitik e.V.<br>Prof. Dr. Krisztina Kis-Katos (Vorsitzende)<br>Lehrstuhl f\u00fcr Internationale Wirtschaftspolitik<br>University of G\u00f6ttingen<br>Platz der G\u00f6ttinger Sieben 3<br>37073 G\u00f6ttingen<\/p>\n\n\n\n<h6>Vertretungsberechtigung und inhaltliche Verantwortung:<\/h6>\n\n\n\n<p>Prof. Dr. Krisztina Kis-Katos (Vorsitzende)<\/p>\n\n\n\n<h5>Contact Us<\/h5>\n\n\n\n<p>Telefon: +49 (0)551 \/ 39-27091<br>E-Mail: gde[at]uni-goettingen.de<\/p>","protected":false},"excerpt":{"rendered":"<p>Angaben gem\u00e4\u00df \u00a7 5 TMG Entwicklungs\u00f6konomischer Ausschuss des Vereins f\u00fcr Socialpolitik e.V.Prof. Dr. Krisztina Kis-Katos (Vorsitzende)Lehrstuhl f\u00fcr Internationale WirtschaftspolitikUniversit\u00e4t G\u00f6ttingenPlatz der G\u00f6ttinger Sieben 337073 G\u00f6ttingen Vertretungsberechtigung und inhaltliche Verantwortung: Prof. Dr. Krisztina Kis-Katos (Vorsitzende) Kontakt Telefon: +49 (0)551 \/ 39-27091E-Mail: gde[at]uni-goettingen.de<\/p>","protected":false},"author":1,"featured_media":0,"parent":0,"menu_order":0,"comment_status":"closed","ping_status":"closed","template":"","meta":[],"uagb_featured_image_src":{"full":false,"thumbnail":false,"medium":false,"medium_large":false,"large":false,"1536x1536":false,"2048x2048":false,"trp-custom-language-flag":false},"uagb_author_info":{"display_name":"entwicklungsoekonomischerausschuss","author_link":"https:\/\/entwicklungsoekonomischer-ausschuss.de\/en\/author\/entwicklungsoekonomischerausschuss\/"},"uagb_comment_info":0,"uagb_excerpt":"Angaben gem\u00e4\u00df \u00a7 5 TMG Entwicklungs\u00f6konomischer Ausschuss des Vereins f\u00fcr Socialpolitik e.V.Prof. Dr. Krisztina Kis-Katos (Vorsitzende)Lehrstuhl f\u00fcr Internationale WirtschaftspolitikUniversit\u00e4t G\u00f6ttingenPlatz der G\u00f6ttinger Sieben 337073 G\u00f6ttingen Vertretungsberechtigung und inhaltliche Verantwortung: Prof. Dr. Krisztina Kis-Katos (Vorsitzende) Kontakt Telefon: +49 (0)551 \/ 39-27091E-Mail: gde[at]uni-goettingen.de","_links":{"self":[{"href":"https:\/\/entwicklungsoekonomischer-ausschuss.de\/en\/wp-json\/wp\/v2\/pages\/1612"}],"collection":[{"href":"https:\/\/entwicklungsoekonomischer-ausschuss.de\/en\/wp-json\/wp\/v2\/pages"}],"about":[{"href":"https:\/\/entwicklungsoekonomischer-ausschuss.de\/en\/wp-json\/wp\/v2\/types\/page"}],"author":[{"embeddable":true,"href":"https:\/\/entwicklungsoekonomischer-ausschuss.de\/en\/wp-json\/wp\/v2\/users\/1"}],"replies":[{"embeddable":true,"href":"https:\/\/entwicklungsoekonomischer-ausschuss.de\/en\/wp-json\/wp\/v2\/comments?post=1612"}],"version-history":[{"count":6,"href":"https:\/\/entwicklungsoekonomischer-ausschuss.de\/en\/wp-json\/wp\/v2\/pages\/1612\/revisions"}],"predecessor-version":[{"id":2933,"href":"https:\/\/entwicklungsoekonomischer-ausschuss.de\/en\/wp-json\/wp\/v2\/pages\/1612\/revisions\/2933"}],"wp:attachment":[{"href":"https:\/\/entwicklungsoekonomischer-ausschuss.de\/en\/wp-json\/wp\/v2\/media?parent=1612"}],"curies":[{"name":"wp","href":"https:\/\/api.w.org\/{rel}","templated":true}]}}