{"id":1616,"date":"2021-04-14T12:23:50","date_gmt":"2021-04-14T10:23:50","guid":{"rendered":"https:\/\/entwicklungsoekonomischer-ausschuss.de\/?page_id=1616"},"modified":"2023-12-04T16:42:48","modified_gmt":"2023-12-04T15:42:48","slug":"datenschutz","status":"publish","type":"page","link":"https:\/\/entwicklungsoekonomischer-ausschuss.de\/en\/datenschutz\/","title":{"rendered":"Privacy"},"content":{"rendered":"<p>Der Entwicklungs\u00f6konomische Ausschuss des Vereins f\u00fcr Socialpolitik e.V. legt gro\u00dfen Wert auf den Schutz personenbezogener Daten. Im Rahmen dieser Datenschutzerkl\u00e4rung m\u00f6chten wir \u00fcber die Art, den Umfang und Zweck der Erhebung und Verarbeitung personenbezogener Daten informieren.<\/p>\n\n\n\n<h6>1)&nbsp;&nbsp;&nbsp;&nbsp; Datenerhebung und -verarbeitung<\/h6>\n\n\n\n<p>Bei der Nutzung dieser Website (<a href=\"https:\/\/entwicklungsoekonomischer-ausschuss.de\/\">https:\/\/entwicklungsoekonomischer-ausschuss.de\/<\/a>) werden keinerlei personenbezogene Daten, wie Vor- und Nachname, Telefonnummer oder E-Mail-Adresse, durch die eine Person eindeutig identifizierbar ist, erhoben.<\/p>\n\n\n\n<p>W\u00e4hrend des Zugriffs auf die Website werden auf Grundlage von Art. 6 Abs. 1 lit. f DSGVO ausschlie\u00dflich allgemeine Daten erhoben, die f\u00fcr die technisch fehlerfreie Bereitstellung und Sicherheit der Seite notwendig sind. Diese allgemeinen Daten und Informationen k\u00f6nnen beispielsweise Informationen \u00fcber den von Ihnen verwendeten Browser oder das Betriebssystem beinhalten.<\/p>\n\n\n\n<p>Bei der Erhebung und Verarbeitung dieser f\u00fcr den Betrieb der Website notwendigen allgemeinen Daten und Informationen werden keine R\u00fcckschl\u00fcsse auf die dahinterstehende Person getroffen.<\/p>\n\n\n\n<p>Die Daten und Informationen werden gel\u00f6scht, sobald der Zweck der Speicherung und Verarbeitung entf\u00e4llt oder eine gesetzlich vorgeschriebene Speicherfrist abl\u00e4uft.<\/p>\n\n\n\n<p>Eine dar\u00fcberhinausgehende Erhebung personenbezogener Daten oder eine Datenverarbeitung zu anderen Zwecken (beispielsweise zu statistischen Analysezwecken) wird nicht vorgenommen.<\/p>\n\n\n\n<h6>2)&nbsp;&nbsp;&nbsp;&nbsp; Verantwortlichkeit<\/h6>\n\n\n\n<p>Verantwortlich f\u00fcr die Website des Entwicklungs\u00f6konomischen Ausschusses des Vereins f\u00fcr Socialpolitik e.V. ist:<\/p>\n\n\n\n<p>Prof. Dr. Krisztina Kis-Katos (Vorsitzende)<br>Lehrstuhl f\u00fcr Internationale Wirtschaftspolitik<br>University of G\u00f6ttingen<br>Platz der G\u00f6ttinger Sieben 3<br>37073 G\u00f6ttingen<\/p>\n\n\n\n<p>Telefon: +49 (0)551 \/ 39-27091<br>Email: <a rel=\"noreferrer noopener\" href=\"mailto:entwicklungsoekonomischer-ausschuss@uni-goettingen.de\" target=\"_blank\">entwicklungsoekonomischer-ausschuss@uni-goettingen.de<\/a><\/p>\n\n\n\n<h6>3)&nbsp;&nbsp;&nbsp;&nbsp; Auskunfts-, Berichts- und L\u00f6schungsrechte<\/h6>\n\n\n\n<p>Sie haben zu jedem Zeitpunkt das Recht, Auskunft \u00fcber Ihre gespeicherten Daten zu erhalten sowie \u00fcber die Herkunft der Daten und den Zweck der Verarbeitung. Dar\u00fcber hinaus haben Sie das Recht, die L\u00f6schung oder Berichtigung der Daten zu fordern.<\/p>\n\n\n\n<p>Zudem haben Sie das Recht, Beschwerde bei der zust\u00e4ndigen Aufsichtsbeh\u00f6rde einzulegen.<\/p>\n\n\n\n<h6>4)&nbsp;&nbsp;&nbsp;&nbsp; SSL-\/TLS-Verschl\u00fcsselung<\/h6>\n\n\n\n<p>Diese Website nutzt zum Schutz der Daten\u00fcbertragung eine SSL-\/TLS-Verschl\u00fcsselung, die an dem Pr\u00e4fix \u201ehttps:\/\/\u201c in der Adresszeile des Browsers erkennbar ist. So soll verhindert werden, dass Dritte \u00fcbermittelte Daten mitlesen k\u00f6nnen.<\/p>\n\n\n\n<h6>5)&nbsp;&nbsp;&nbsp;&nbsp; Cookies<\/h6>\n\n\n\n<p>W\u00e4hrend der Nutzung dieser Website werden auf Grundlage von Art. 6 Abs. 1 lit. f DSGVO ausschlie\u00dflich Cookies auf Ihrem Endger\u00e4t gespeichert, die f\u00fcr die technisch fehlerfreie Bereitstellung und Sicherheit der Website notwendig sind. Bei Cookies handelt es sich um kleine Textdateien, die als Session-Cookies automatisch nach einer Sitzung gel\u00f6scht werden oder als permanente Cookies durch Sie oder automatisch durch Ihren Browser entfernt werden k\u00f6nnen.<\/p>\n\n\n\n<p>Durch entsprechende Browsereinstellungen haben Sie die M\u00f6glichkeit, das Abspeichern bestimmter Cookies auf Ihrem Endger\u00e4t zu verhindern. Dies kann allerdings zu einer Einschr\u00e4nkung des Funktionsumfangs der Website f\u00fchren.<\/p>","protected":false},"excerpt":{"rendered":"<p>Der Entwicklungs\u00f6konomische Ausschuss des Vereins f\u00fcr Socialpolitik e.V. legt gro\u00dfen Wert auf den Schutz personenbezogener Daten. Im Rahmen dieser Datenschutzerkl\u00e4rung m\u00f6chten wir \u00fcber die Art, den Umfang und Zweck der Erhebung und Verarbeitung personenbezogener Daten informieren. 1)&nbsp;&nbsp;&nbsp;&nbsp; Datenerhebung und -verarbeitung Bei der Nutzung dieser Website (https:\/\/entwicklungsoekonomischer-ausschuss.de\/) werden keinerlei personenbezogene Daten, wie Vor- und Nachname, Telefonnummer [&hellip;]<\/p>","protected":false},"author":1,"featured_media":0,"parent":0,"menu_order":0,"comment_status":"closed","ping_status":"closed","template":"","meta":[],"uagb_featured_image_src":{"full":false,"thumbnail":false,"medium":false,"medium_large":false,"large":false,"1536x1536":false,"2048x2048":false,"trp-custom-language-flag":false},"uagb_author_info":{"display_name":"entwicklungsoekonomischerausschuss","author_link":"https:\/\/entwicklungsoekonomischer-ausschuss.de\/en\/author\/entwicklungsoekonomischerausschuss\/"},"uagb_comment_info":0,"uagb_excerpt":"Der Entwicklungs\u00f6konomische Ausschuss des Vereins f\u00fcr Socialpolitik e.V. legt gro\u00dfen Wert auf den Schutz personenbezogener Daten. Im Rahmen dieser Datenschutzerkl\u00e4rung m\u00f6chten wir \u00fcber die Art, den Umfang und Zweck der Erhebung und Verarbeitung personenbezogener Daten informieren. 1)&nbsp;&nbsp;&nbsp;&nbsp; Datenerhebung und -verarbeitung Bei der Nutzung dieser Website (https:\/\/entwicklungsoekonomischer-ausschuss.de\/) werden keinerlei personenbezogene Daten, wie Vor- und Nachname, Telefonnummer&hellip;","_links":{"self":[{"href":"https:\/\/entwicklungsoekonomischer-ausschuss.de\/en\/wp-json\/wp\/v2\/pages\/1616"}],"collection":[{"href":"https:\/\/entwicklungsoekonomischer-ausschuss.de\/en\/wp-json\/wp\/v2\/pages"}],"about":[{"href":"https:\/\/entwicklungsoekonomischer-ausschuss.de\/en\/wp-json\/wp\/v2\/types\/page"}],"author":[{"embeddable":true,"href":"https:\/\/entwicklungsoekonomischer-ausschuss.de\/en\/wp-json\/wp\/v2\/users\/1"}],"replies":[{"embeddable":true,"href":"https:\/\/entwicklungsoekonomischer-ausschuss.de\/en\/wp-json\/wp\/v2\/comments?post=1616"}],"version-history":[{"count":6,"href":"https:\/\/entwicklungsoekonomischer-ausschuss.de\/en\/wp-json\/wp\/v2\/pages\/1616\/revisions"}],"predecessor-version":[{"id":2963,"href":"https:\/\/entwicklungsoekonomischer-ausschuss.de\/en\/wp-json\/wp\/v2\/pages\/1616\/revisions\/2963"}],"wp:attachment":[{"href":"https:\/\/entwicklungsoekonomischer-ausschuss.de\/en\/wp-json\/wp\/v2\/media?parent=1616"}],"curies":[{"name":"wp","href":"https:\/\/api.w.org\/{rel}","templated":true}]}}