{"id":1814,"date":"2021-10-18T15:30:19","date_gmt":"2021-10-18T13:30:19","guid":{"rendered":"https:\/\/entwicklungsoekonomischer-ausschuss.de\/?page_id=1814"},"modified":"2022-06-16T10:20:52","modified_gmt":"2022-06-16T08:20:52","slug":"tagung-2022-in-stuttgart-hohenheim","status":"publish","type":"page","link":"https:\/\/entwicklungsoekonomischer-ausschuss.de\/en\/tagungen\/tagung-2022-in-stuttgart-hohenheim\/","title":{"rendered":"Conference 2022 in Stuttgart-Hohenheim"},"content":{"rendered":"<p id=\"block-ceeabc95-e057-484b-bacf-06fa55cd5676\">The 2022 German Development Economics Conference (GDE) took place on 9-10 June 2022 and was hosted by the University of Hohenheim. The conference was held as a physical meeting. <\/p>\n\n\n\n<div style=\"height:41px\" aria-hidden=\"true\" class=\"wp-block-spacer\"><\/div>\n\n\n<div class=\"wp-block-image is-style-default\">\n<figure class=\"alignright size-large is-resized\"><a href=\"https:\/\/entwicklungsoekonomischer-ausschuss.de\/wp-content\/uploads\/2021\/10\/klein-Schloss_Hohenheim_2013_04_dawn.jpg\"><img loading=\"lazy\" src=\"https:\/\/entwicklungsoekonomischer-ausschuss.de\/wp-content\/uploads\/2021\/10\/klein-Schloss_Hohenheim_2013_04_dawn-1024x680.jpg\" alt=\"\" class=\"wp-image-1805\" width=\"289\" height=\"192\" srcset=\"https:\/\/entwicklungsoekonomischer-ausschuss.de\/wp-content\/uploads\/2021\/10\/klein-Schloss_Hohenheim_2013_04_dawn-1024x680.jpg 1024w, https:\/\/entwicklungsoekonomischer-ausschuss.de\/wp-content\/uploads\/2021\/10\/klein-Schloss_Hohenheim_2013_04_dawn-300x199.jpg 300w, https:\/\/entwicklungsoekonomischer-ausschuss.de\/wp-content\/uploads\/2021\/10\/klein-Schloss_Hohenheim_2013_04_dawn-768x510.jpg 768w, https:\/\/entwicklungsoekonomischer-ausschuss.de\/wp-content\/uploads\/2021\/10\/klein-Schloss_Hohenheim_2013_04_dawn-1536x1020.jpg 1536w, https:\/\/entwicklungsoekonomischer-ausschuss.de\/wp-content\/uploads\/2021\/10\/klein-Schloss_Hohenheim_2013_04_dawn-18x12.jpg 18w, https:\/\/entwicklungsoekonomischer-ausschuss.de\/wp-content\/uploads\/2021\/10\/klein-Schloss_Hohenheim_2013_04_dawn.jpg 2040w\" sizes=\"(max-width: 289px) 100vw, 289px\" \/><\/a><figcaption>\u00a9 <strong>&nbsp;<\/strong><a href=\"https:\/\/julianherzog.com\/\">Julian Herzog<\/a> \/ <a href=\"https:\/\/creativecommons.org\/licenses\/by\/4.0\/deed.en\">CC BY 4.0<\/a><\/figcaption><\/figure><\/div>\n\n\n<h6 id=\"block-d77db6fc-3035-4873-b0c7-6596c9c94ca0\">Keynote Speakers<\/h6>\n\n\n\n<p id=\"block-d77db6fc-3035-4873-b0c7-6596c9c94ca0\">Christopher B. Barrett (Cornell University)<br>Christopher Udry (Northwestern University)<\/p>\n\n\n\n<p><\/p>\n\n\n\n<h6 id=\"block-06f10be4-945a-46b5-b87b-692143aa403e\">Local Organizers<\/h6>\n\n\n\n<p id=\"block-06f10be4-945a-46b5-b87b-692143aa403e\">Regina Birner and Manfred Zeller (University of Hohenheim)<\/p>\n\n\n\n<p><\/p>\n\n\n\n<h6>Selection Committee<\/h6>\n\n\n\n<p>Axel Dreher (Heidelberg University), Andreas Fuchs (University of G\u00f6ttingen), Michael Grimm (University of Passau), Isabel G\u00fcnther (ETH Z\u00fcrich), Krisztina Kis-Katos (University of G\u00f6ttingen) and Matthias Sch\u00fcndeln (Goethe University Frankfurt).<\/p>\n\n\n\n<p><\/p>\n\n\n\n<div style=\"height:41px\" aria-hidden=\"true\" class=\"wp-block-spacer\"><\/div>\n\n\n\n<h6>Full Program<\/h6>\n\n\n\n<p>Please find the <a href=\"https:\/\/entwicklungsoekonomischer-ausschuss.de\/wp-content\/uploads\/2022\/06\/2022_Program_GDE_Links.pdf\">full program (including details on sessions, presenters, rooms and links to papers) here.<\/a><\/p>\n\n\n\n<h6>Program Overview<\/h6>\n\n\n\n<p><strong>Thursday, 9 June<\/strong><\/p>\n\n\n\n<figure class=\"wp-block-table\"><table><tbody><tr><td><strong>14:15<\/strong><\/td><td><strong>Registration<\/strong> <\/td><\/tr><tr><td><strong>15:30<\/strong><\/td><td><strong>Parallel Session 1<\/strong><br><br>1A) Demography<br>1B) Household Energy<br>1C) Child Health<br>1D) Crime<\/td><\/tr><tr><td><strong>16:40<\/strong><\/td><td><strong>Video (Poster) Session<\/strong><br><br>1A) Environment and Natural Disaster<br>1B) Survey methodology<br>1C) Migration &amp; Development<br>1D) Poverty, Health and Environment<\/td><\/tr><tr><td><strong>17:30<\/strong><\/td><td><strong>Coffee Break<\/strong><\/td><\/tr><tr><td><strong>18:00<\/strong><\/td><td><strong>Official Conference Welcome<\/strong><\/td><\/tr><tr><td><strong>18:15<\/strong><\/td><td><strong>Plenary Session with Keynote Address and General Discussion<\/strong><br><br>Christopher Udry (Northwestern University): \u201cGender and Agriculture in Africa\u201d<\/td><\/tr><tr><td><strong>19:30<\/strong><\/td><td><strong>Award Ceremony for the Prize for Excellence in Applied Development Research sponsored by the KfW Development Bank<\/strong><\/td><\/tr><tr><td><strong>20:00<\/strong><\/td><td><strong>Conference Dinner<\/strong><\/td><\/tr><\/tbody><\/table><\/figure>\n\n\n\n<p><strong>Friday, 10 June<\/strong><\/p>\n\n\n\n<figure class=\"wp-block-table\"><table><tbody><tr><td><strong>8:30<\/strong><\/td><td><strong>Meeting and Registration for new arrivals<\/strong> <\/td><\/tr><tr><td><strong>9:00<\/strong><\/td><td><strong>Parallel Session 2<\/strong><br><br>2A) Agriculture<br>2B) Natural Disasters<br>2C) Firms<br>2D) Health Behavior<br>2E) Household Decision Making<br>2F) Political Economy I<\/td><\/tr><tr><td><strong>10:30<\/strong><\/td><td><strong>Coffee Break<\/strong><\/td><\/tr><tr><td><strong>11:00<\/strong><\/td><td><strong>Parallel Session 3<\/strong><br><br>3A) Local Development I<br>3B) Economic History<br>3C) Education<br>3D) Trade &amp; Social assistance<br>3E) Conflict &amp; Trade<\/td><\/tr><tr><td><strong>12:30<\/strong><\/td><td><strong>Lunch<\/strong><\/td><\/tr><tr><td><strong>13:30<\/strong><\/td><td><strong>Plenary Session with Keynote Address and General Discussion<\/strong><br><br>Christopher Barrett (Cornell): \u201cCombatting persistent poverty via catastrophic risk management?\u201d<\/td><\/tr><tr><td><strong>15:30<\/strong><\/td><td><strong>Parallel Session 4<\/strong><br><br>4A) Political Economy II<br>4B) Human capital &amp; Social mobility<br>4C) China<br>4D) Labor<br>4E) Household Economics<\/td><\/tr><tr><td><strong>16:30<\/strong><\/td><td><strong>Coffee Break<\/strong><\/td><\/tr><tr><td><strong>17:00<\/strong><\/td><td><strong>Parallel Session 5<\/strong><br><br>5A) Political Economy III<br>5B) Local Development II<br>5C) Marriage II<br>5D) Development Aid <\/td><\/tr><tr><td><strong>18:30<\/strong><\/td><td><strong>Conference Closing<\/strong><\/td><\/tr><tr><td><strong>19:30<\/strong><\/td><td><strong>Dinner<\/strong> (at own expenses and by reservation)<\/td><\/tr><\/tbody><\/table><\/figure>","protected":false},"excerpt":{"rendered":"<p>The 2022 German Development Economics Conference (GDE) took place on 9-10 June 2022 and was hosted by the University of Hohenheim. The conference was held as a physical meeting. Keynote Speakers Christopher B. Barrett (Cornell University)Christopher Udry (Northwestern University) Local Organizers Regina Birner and Manfred Zeller (University of Hohenheim) Selection Committee Axel Dreher (Heidelberg University), [&hellip;]<\/p>","protected":false},"author":1,"featured_media":0,"parent":47,"menu_order":0,"comment_status":"closed","ping_status":"closed","template":"","meta":[],"uagb_featured_image_src":{"full":false,"thumbnail":false,"medium":false,"medium_large":false,"large":false,"1536x1536":false,"2048x2048":false,"trp-custom-language-flag":false},"uagb_author_info":{"display_name":"entwicklungsoekonomischerausschuss","author_link":"https:\/\/entwicklungsoekonomischer-ausschuss.de\/en\/author\/entwicklungsoekonomischerausschuss\/"},"uagb_comment_info":0,"uagb_excerpt":"The 2022 German Development Economics Conference (GDE) took place on 9-10 June 2022 and was hosted by the University of Hohenheim. The conference was held as a physical meeting. Keynote Speakers Christopher B. Barrett (Cornell University)Christopher Udry (Northwestern University) Local Organizers Regina Birner and Manfred Zeller (University of Hohenheim) Selection Committee Axel Dreher (Heidelberg University),&hellip;","_links":{"self":[{"href":"https:\/\/entwicklungsoekonomischer-ausschuss.de\/en\/wp-json\/wp\/v2\/pages\/1814"}],"collection":[{"href":"https:\/\/entwicklungsoekonomischer-ausschuss.de\/en\/wp-json\/wp\/v2\/pages"}],"about":[{"href":"https:\/\/entwicklungsoekonomischer-ausschuss.de\/en\/wp-json\/wp\/v2\/types\/page"}],"author":[{"embeddable":true,"href":"https:\/\/entwicklungsoekonomischer-ausschuss.de\/en\/wp-json\/wp\/v2\/users\/1"}],"replies":[{"embeddable":true,"href":"https:\/\/entwicklungsoekonomischer-ausschuss.de\/en\/wp-json\/wp\/v2\/comments?post=1814"}],"version-history":[{"count":44,"href":"https:\/\/entwicklungsoekonomischer-ausschuss.de\/en\/wp-json\/wp\/v2\/pages\/1814\/revisions"}],"predecessor-version":[{"id":2364,"href":"https:\/\/entwicklungsoekonomischer-ausschuss.de\/en\/wp-json\/wp\/v2\/pages\/1814\/revisions\/2364"}],"up":[{"embeddable":true,"href":"https:\/\/entwicklungsoekonomischer-ausschuss.de\/en\/wp-json\/wp\/v2\/pages\/47"}],"wp:attachment":[{"href":"https:\/\/entwicklungsoekonomischer-ausschuss.de\/en\/wp-json\/wp\/v2\/media?parent=1814"}],"curies":[{"name":"wp","href":"https:\/\/api.w.org\/{rel}","templated":true}]}}