{"id":281,"date":"2015-10-07T12:46:05","date_gmt":"2015-10-07T12:46:05","guid":{"rendered":"https:\/\/entwicklungsoekonomischer-ausschuss.de\/?page_id=281"},"modified":"2021-03-25T11:53:38","modified_gmt":"2021-03-25T10:53:38","slug":"tagung-2003-in-hamburg","status":"publish","type":"page","link":"https:\/\/entwicklungsoekonomischer-ausschuss.de\/en\/tagungen\/tagung-2003-in-hamburg\/","title":{"rendered":"Conference 2003 in Hamburg"},"content":{"rendered":"<p><strong><em>\u201cEvaluierung der Entwicklungszusammenarbeit\u201d<\/em><\/strong><\/p>\n<ul>\n<li>Die Ber\u00fccksichtigung der Nachhaltigkeit in der Evaluierung von FZ-Projekten<\/li>\n<li>Das Gesch\u00e4ftspolitische Projektrating der DEG<\/li>\n<li>Zur Evaluierung von Kleinkreditprogrammen in der Entwicklungszusammenarbeit<\/li>\n<li>Evaluierung der Entwicklungszusammenarbeit &#8211; Eine polit\u00f6konomische Analyse<\/li>\n<\/ul>\n<p><em>Themen des offenen Teils:<\/em><\/p>\n<ul>\n<li>Polit\u00f6konomische Aspekte des Bew\u00e4sserungsmanagements in Ghana<\/li>\n<li>Zur Rolle von gemeindebasierten Krankenversicherungen in Niedrigeinkommensl\u00e4ndern<\/li>\n<\/ul>\n<hr \/>\n<p><a href=\"https:\/\/entwicklungsoekonomischer-ausschuss.de\/wp-content\/uploads\/2015\/10\/AEL03_programm03.pdf\">Programm<\/a><\/p>\n<hr \/>\n<p>&nbsp;<\/p>","protected":false},"excerpt":{"rendered":"<p>\u201cEvaluierung der Entwicklungszusammenarbeit\u201d Die Ber\u00fccksichtigung der Nachhaltigkeit in der Evaluierung von FZ-Projekten Das Gesch\u00e4ftspolitische Projektrating der DEG Zur Evaluierung von Kleinkreditprogrammen in der Entwicklungszusammenarbeit Evaluierung der Entwicklungszusammenarbeit &#8211; Eine polit\u00f6konomische Analyse Themen des offenen Teils: Polit\u00f6konomische Aspekte des Bew\u00e4sserungsmanagements in Ghana Zur Rolle von gemeindebasierten Krankenversicherungen in Niedrigeinkommensl\u00e4ndern Programm &nbsp;<\/p>","protected":false},"author":1,"featured_media":0,"parent":47,"menu_order":13,"comment_status":"closed","ping_status":"closed","template":"","meta":[],"uagb_featured_image_src":{"full":false,"thumbnail":false,"medium":false,"medium_large":false,"large":false,"1536x1536":false,"2048x2048":false,"trp-custom-language-flag":false},"uagb_author_info":{"display_name":"entwicklungsoekonomischerausschuss","author_link":"https:\/\/entwicklungsoekonomischer-ausschuss.de\/en\/author\/entwicklungsoekonomischerausschuss\/"},"uagb_comment_info":0,"uagb_excerpt":"\u201cEvaluierung der Entwicklungszusammenarbeit\u201d Die Ber\u00fccksichtigung der Nachhaltigkeit in der Evaluierung von FZ-Projekten Das Gesch\u00e4ftspolitische Projektrating der DEG Zur Evaluierung von Kleinkreditprogrammen in der Entwicklungszusammenarbeit Evaluierung der Entwicklungszusammenarbeit &#8211; Eine polit\u00f6konomische Analyse Themen des offenen Teils: Polit\u00f6konomische Aspekte des Bew\u00e4sserungsmanagements in Ghana Zur Rolle von gemeindebasierten Krankenversicherungen in Niedrigeinkommensl\u00e4ndern Programm &nbsp;","_links":{"self":[{"href":"https:\/\/entwicklungsoekonomischer-ausschuss.de\/en\/wp-json\/wp\/v2\/pages\/281"}],"collection":[{"href":"https:\/\/entwicklungsoekonomischer-ausschuss.de\/en\/wp-json\/wp\/v2\/pages"}],"about":[{"href":"https:\/\/entwicklungsoekonomischer-ausschuss.de\/en\/wp-json\/wp\/v2\/types\/page"}],"author":[{"embeddable":true,"href":"https:\/\/entwicklungsoekonomischer-ausschuss.de\/en\/wp-json\/wp\/v2\/users\/1"}],"replies":[{"embeddable":true,"href":"https:\/\/entwicklungsoekonomischer-ausschuss.de\/en\/wp-json\/wp\/v2\/comments?post=281"}],"version-history":[{"count":6,"href":"https:\/\/entwicklungsoekonomischer-ausschuss.de\/en\/wp-json\/wp\/v2\/pages\/281\/revisions"}],"predecessor-version":[{"id":1449,"href":"https:\/\/entwicklungsoekonomischer-ausschuss.de\/en\/wp-json\/wp\/v2\/pages\/281\/revisions\/1449"}],"up":[{"embeddable":true,"href":"https:\/\/entwicklungsoekonomischer-ausschuss.de\/en\/wp-json\/wp\/v2\/pages\/47"}],"wp:attachment":[{"href":"https:\/\/entwicklungsoekonomischer-ausschuss.de\/en\/wp-json\/wp\/v2\/media?parent=281"}],"curies":[{"name":"wp","href":"https:\/\/api.w.org\/{rel}","templated":true}]}}