{"id":285,"date":"2015-10-07T12:48:38","date_gmt":"2015-10-07T12:48:38","guid":{"rendered":"https:\/\/entwicklungsoekonomischer-ausschuss.de\/?page_id=285"},"modified":"2021-03-25T11:53:57","modified_gmt":"2021-03-25T10:53:57","slug":"tagung-2002-in-berlin","status":"publish","type":"page","link":"https:\/\/entwicklungsoekonomischer-ausschuss.de\/en\/tagungen\/tagung-2002-in-berlin\/","title":{"rendered":"Conference 2002 in Berlin"},"content":{"rendered":"<p><strong><em>\u201eNeuere Ans\u00e4tze der theoretischen und empirischen Entwicklungsforschung\u201c<\/em><\/strong><\/p>\n<p>Themen des offenen Teils:<\/p>\n<ul>\n<li>Soziale Ertragsraten und Verteilungseffekte des Humankapitals<\/li>\n<li>Betriebliche Ausbildungsinvestitionen in Entwicklungsl\u00e4ndern<\/li>\n<li>Finanzielle Entwicklung und wirtschaftliches Wachstum<\/li>\n<li>Determinanten der Sparquote in Entwicklungsl\u00e4ndern<\/li>\n<li>Zur Relevanz der Neuen Wirtschaftsgeographie<\/li>\n<li>Umweltstandards und internationale Wettbewerbsf\u00e4higkeit<\/li>\n<\/ul>","protected":false},"excerpt":{"rendered":"<p>\u201eNeuere Ans\u00e4tze der theoretischen und empirischen Entwicklungsforschung\u201c Themen des offenen Teils: Soziale Ertragsraten und Verteilungseffekte des Humankapitals Betriebliche Ausbildungsinvestitionen in Entwicklungsl\u00e4ndern Finanzielle Entwicklung und wirtschaftliches Wachstum Determinanten der Sparquote in Entwicklungsl\u00e4ndern Zur Relevanz der Neuen Wirtschaftsgeographie Umweltstandards und internationale Wettbewerbsf\u00e4higkeit<\/p>","protected":false},"author":1,"featured_media":0,"parent":47,"menu_order":14,"comment_status":"closed","ping_status":"closed","template":"","meta":[],"uagb_featured_image_src":{"full":false,"thumbnail":false,"medium":false,"medium_large":false,"large":false,"1536x1536":false,"2048x2048":false,"trp-custom-language-flag":false},"uagb_author_info":{"display_name":"entwicklungsoekonomischerausschuss","author_link":"https:\/\/entwicklungsoekonomischer-ausschuss.de\/en\/author\/entwicklungsoekonomischerausschuss\/"},"uagb_comment_info":0,"uagb_excerpt":"\u201eNeuere Ans\u00e4tze der theoretischen und empirischen Entwicklungsforschung\u201c Themen des offenen Teils: Soziale Ertragsraten und Verteilungseffekte des Humankapitals Betriebliche Ausbildungsinvestitionen in Entwicklungsl\u00e4ndern Finanzielle Entwicklung und wirtschaftliches Wachstum Determinanten der Sparquote in Entwicklungsl\u00e4ndern Zur Relevanz der Neuen Wirtschaftsgeographie Umweltstandards und internationale Wettbewerbsf\u00e4higkeit","_links":{"self":[{"href":"https:\/\/entwicklungsoekonomischer-ausschuss.de\/en\/wp-json\/wp\/v2\/pages\/285"}],"collection":[{"href":"https:\/\/entwicklungsoekonomischer-ausschuss.de\/en\/wp-json\/wp\/v2\/pages"}],"about":[{"href":"https:\/\/entwicklungsoekonomischer-ausschuss.de\/en\/wp-json\/wp\/v2\/types\/page"}],"author":[{"embeddable":true,"href":"https:\/\/entwicklungsoekonomischer-ausschuss.de\/en\/wp-json\/wp\/v2\/users\/1"}],"replies":[{"embeddable":true,"href":"https:\/\/entwicklungsoekonomischer-ausschuss.de\/en\/wp-json\/wp\/v2\/comments?post=285"}],"version-history":[{"count":4,"href":"https:\/\/entwicklungsoekonomischer-ausschuss.de\/en\/wp-json\/wp\/v2\/pages\/285\/revisions"}],"predecessor-version":[{"id":1450,"href":"https:\/\/entwicklungsoekonomischer-ausschuss.de\/en\/wp-json\/wp\/v2\/pages\/285\/revisions\/1450"}],"up":[{"embeddable":true,"href":"https:\/\/entwicklungsoekonomischer-ausschuss.de\/en\/wp-json\/wp\/v2\/pages\/47"}],"wp:attachment":[{"href":"https:\/\/entwicklungsoekonomischer-ausschuss.de\/en\/wp-json\/wp\/v2\/media?parent=285"}],"curies":[{"name":"wp","href":"https:\/\/api.w.org\/{rel}","templated":true}]}}