{"id":287,"date":"2015-10-07T12:49:34","date_gmt":"2015-10-07T12:49:34","guid":{"rendered":"https:\/\/entwicklungsoekonomischer-ausschuss.de\/?page_id=287"},"modified":"2021-03-25T11:54:29","modified_gmt":"2021-03-25T10:54:29","slug":"tagung-2001-in-heidelberg","status":"publish","type":"page","link":"https:\/\/entwicklungsoekonomischer-ausschuss.de\/en\/tagungen\/tagung-2001-in-heidelberg\/","title":{"rendered":"Conference 2001 in Heidelberg"},"content":{"rendered":"<p><strong><em>\u201eDie Rolle von Mikrofinanz-Institutionen in der wirtschaftlichen Entwicklung der Dritten Welt\u201c<\/em><\/strong><\/p>\n<p>Themenbereich Mikrofinanz-Institutionen:<\/p>\n<ul>\n<li>Kriterien zur Evaluierung<\/li>\n<li>M\u00f6glichkeiten der F\u00f6rderung<\/li>\n<li>Institutionen\u00f6konomische Aspekte<\/li>\n<\/ul>\n<p>Freie Themen:<\/p>\n<ul>\n<li>Kreditaufnahme beim IMF<\/li>\n<li>Weibliche \u00dcbersterblichkeit in Entwicklungsl\u00e4ndern<\/li>\n<li>Konvention \u00fcber biologische Vielfalt<\/li>\n<\/ul>\n<hr \/>\n<p><a href=\"https:\/\/entwicklungsoekonomischer-ausschuss.de\/wp-content\/uploads\/2015\/10\/AEL01_Programm.pdf\">Programm<\/a><\/p>\n<hr \/>","protected":false},"excerpt":{"rendered":"<p>\u201eDie Rolle von Mikrofinanz-Institutionen in der wirtschaftlichen Entwicklung der Dritten Welt\u201c Themenbereich Mikrofinanz-Institutionen: Kriterien zur Evaluierung M\u00f6glichkeiten der F\u00f6rderung Institutionen\u00f6konomische Aspekte Freie Themen: Kreditaufnahme beim IMF Weibliche \u00dcbersterblichkeit in Entwicklungsl\u00e4ndern Konvention \u00fcber biologische Vielfalt Programm<\/p>","protected":false},"author":1,"featured_media":0,"parent":47,"menu_order":15,"comment_status":"closed","ping_status":"closed","template":"","meta":[],"uagb_featured_image_src":{"full":false,"thumbnail":false,"medium":false,"medium_large":false,"large":false,"1536x1536":false,"2048x2048":false,"trp-custom-language-flag":false},"uagb_author_info":{"display_name":"entwicklungsoekonomischerausschuss","author_link":"https:\/\/entwicklungsoekonomischer-ausschuss.de\/en\/author\/entwicklungsoekonomischerausschuss\/"},"uagb_comment_info":0,"uagb_excerpt":"\u201eDie Rolle von Mikrofinanz-Institutionen in der wirtschaftlichen Entwicklung der Dritten Welt\u201c Themenbereich Mikrofinanz-Institutionen: Kriterien zur Evaluierung M\u00f6glichkeiten der F\u00f6rderung Institutionen\u00f6konomische Aspekte Freie Themen: Kreditaufnahme beim IMF Weibliche \u00dcbersterblichkeit in Entwicklungsl\u00e4ndern Konvention \u00fcber biologische Vielfalt Programm","_links":{"self":[{"href":"https:\/\/entwicklungsoekonomischer-ausschuss.de\/en\/wp-json\/wp\/v2\/pages\/287"}],"collection":[{"href":"https:\/\/entwicklungsoekonomischer-ausschuss.de\/en\/wp-json\/wp\/v2\/pages"}],"about":[{"href":"https:\/\/entwicklungsoekonomischer-ausschuss.de\/en\/wp-json\/wp\/v2\/types\/page"}],"author":[{"embeddable":true,"href":"https:\/\/entwicklungsoekonomischer-ausschuss.de\/en\/wp-json\/wp\/v2\/users\/1"}],"replies":[{"embeddable":true,"href":"https:\/\/entwicklungsoekonomischer-ausschuss.de\/en\/wp-json\/wp\/v2\/comments?post=287"}],"version-history":[{"count":6,"href":"https:\/\/entwicklungsoekonomischer-ausschuss.de\/en\/wp-json\/wp\/v2\/pages\/287\/revisions"}],"predecessor-version":[{"id":1452,"href":"https:\/\/entwicklungsoekonomischer-ausschuss.de\/en\/wp-json\/wp\/v2\/pages\/287\/revisions\/1452"}],"up":[{"embeddable":true,"href":"https:\/\/entwicklungsoekonomischer-ausschuss.de\/en\/wp-json\/wp\/v2\/pages\/47"}],"wp:attachment":[{"href":"https:\/\/entwicklungsoekonomischer-ausschuss.de\/en\/wp-json\/wp\/v2\/media?parent=287"}],"curies":[{"name":"wp","href":"https:\/\/api.w.org\/{rel}","templated":true}]}}