{"id":290,"date":"2015-10-07T12:54:39","date_gmt":"2015-10-07T12:54:39","guid":{"rendered":"https:\/\/entwicklungsoekonomischer-ausschuss.de\/?page_id=290"},"modified":"2021-03-25T11:54:58","modified_gmt":"2021-03-25T10:54:58","slug":"tagung-2000-in-frankfurt-a-m","status":"publish","type":"page","link":"https:\/\/entwicklungsoekonomischer-ausschuss.de\/en\/tagungen\/tagung-2000-in-frankfurt-a-m\/","title":{"rendered":"Conference 2000 in Frankfurt"},"content":{"rendered":"<p><em><strong>\u201e<\/strong><strong>Entwicklungsperspektiven von Niedrigeinkommensl\u00e4ndern:<br \/>\nzur Bedeutung von Wissen und Institutionen\u201c<\/strong><\/em><\/p>\n<p>Themen des offenen Teils:<\/p>\n<ul>\n<li>Nachholende Entwicklung bei eingeschr\u00e4nkter Faktormobilit\u00e4t<\/li>\n<li>Rolle der Globalisierung<\/li>\n<li>Gr\u00fcnde f\u00fcr die Wachstumsschw\u00e4chen Afrikas<\/li>\n<li>Schulbildung und Einkommen<\/li>\n<li>Human Resource Development und Institution Building<\/li>\n<li>Informationstechnologien und Entwicklung<\/li>\n<\/ul>\n<hr \/>\n<p><a href=\"https:\/\/entwicklungsoekonomischer-ausschuss.de\/wp-content\/uploads\/2015\/10\/AEL00_programm00.pdf\">Programm<\/a><\/p>\n<hr \/>","protected":false},"excerpt":{"rendered":"<p>\u201eEntwicklungsperspektiven von Niedrigeinkommensl\u00e4ndern: zur Bedeutung von Wissen und Institutionen\u201c Themen des offenen Teils: Nachholende Entwicklung bei eingeschr\u00e4nkter Faktormobilit\u00e4t Rolle der Globalisierung Gr\u00fcnde f\u00fcr die Wachstumsschw\u00e4chen Afrikas Schulbildung und Einkommen Human Resource Development und Institution Building Informationstechnologien und Entwicklung Programm<\/p>","protected":false},"author":1,"featured_media":0,"parent":47,"menu_order":16,"comment_status":"closed","ping_status":"closed","template":"","meta":[],"uagb_featured_image_src":{"full":false,"thumbnail":false,"medium":false,"medium_large":false,"large":false,"1536x1536":false,"2048x2048":false,"trp-custom-language-flag":false},"uagb_author_info":{"display_name":"entwicklungsoekonomischerausschuss","author_link":"https:\/\/entwicklungsoekonomischer-ausschuss.de\/en\/author\/entwicklungsoekonomischerausschuss\/"},"uagb_comment_info":0,"uagb_excerpt":"\u201eEntwicklungsperspektiven von Niedrigeinkommensl\u00e4ndern: zur Bedeutung von Wissen und Institutionen\u201c Themen des offenen Teils: Nachholende Entwicklung bei eingeschr\u00e4nkter Faktormobilit\u00e4t Rolle der Globalisierung Gr\u00fcnde f\u00fcr die Wachstumsschw\u00e4chen Afrikas Schulbildung und Einkommen Human Resource Development und Institution Building Informationstechnologien und Entwicklung Programm","_links":{"self":[{"href":"https:\/\/entwicklungsoekonomischer-ausschuss.de\/en\/wp-json\/wp\/v2\/pages\/290"}],"collection":[{"href":"https:\/\/entwicklungsoekonomischer-ausschuss.de\/en\/wp-json\/wp\/v2\/pages"}],"about":[{"href":"https:\/\/entwicklungsoekonomischer-ausschuss.de\/en\/wp-json\/wp\/v2\/types\/page"}],"author":[{"embeddable":true,"href":"https:\/\/entwicklungsoekonomischer-ausschuss.de\/en\/wp-json\/wp\/v2\/users\/1"}],"replies":[{"embeddable":true,"href":"https:\/\/entwicklungsoekonomischer-ausschuss.de\/en\/wp-json\/wp\/v2\/comments?post=290"}],"version-history":[{"count":4,"href":"https:\/\/entwicklungsoekonomischer-ausschuss.de\/en\/wp-json\/wp\/v2\/pages\/290\/revisions"}],"predecessor-version":[{"id":1453,"href":"https:\/\/entwicklungsoekonomischer-ausschuss.de\/en\/wp-json\/wp\/v2\/pages\/290\/revisions\/1453"}],"up":[{"embeddable":true,"href":"https:\/\/entwicklungsoekonomischer-ausschuss.de\/en\/wp-json\/wp\/v2\/pages\/47"}],"wp:attachment":[{"href":"https:\/\/entwicklungsoekonomischer-ausschuss.de\/en\/wp-json\/wp\/v2\/media?parent=290"}],"curies":[{"name":"wp","href":"https:\/\/api.w.org\/{rel}","templated":true}]}}