{"id":3036,"date":"2024-05-27T19:24:51","date_gmt":"2024-05-27T17:24:51","guid":{"rendered":"https:\/\/entwicklungsoekonomischer-ausschuss.de\/?page_id=3036"},"modified":"2025-11-27T13:22:49","modified_gmt":"2025-11-27T12:22:49","slug":"tagung-2023-in-hannover","status":"publish","type":"page","link":"https:\/\/entwicklungsoekonomischer-ausschuss.de\/en\/tagungen\/tagung-2023-in-hannover\/","title":{"rendered":"Tagung 2025 in Frankfurt am Main"},"content":{"rendered":"<p>The 2025 German Development Economics conference took place on 12-13 June, 2025, and was hosted by the Goethe University Frankfurt. The annual conference brings together international scholars and researchers of development economics and neighboring fields. Plenary sessions with keynote speakers, parallel sessions with contributed papers, and poster sessions will reflect the current state of research in development economics and provide a forum for exchange for researchers and practitioners.<\/p>\n\n\n\n<div class=\"wp-container-3 wp-block-columns\">\n<div class=\"wp-container-1 wp-block-column\"><div class=\"wp-block-image\">\n<figure class=\"aligncenter size-large is-resized\"><a href=\"https:\/\/entwicklungsoekonomischer-ausschuss.de\/wp-content\/uploads\/2025\/06\/DSCF-4085-scaled.jpg\"><img loading=\"lazy\" src=\"https:\/\/entwicklungsoekonomischer-ausschuss.de\/wp-content\/uploads\/2025\/06\/DSCF-4085-1024x683.jpg\" alt=\"\" class=\"wp-image-3171\" width=\"512\" height=\"342\" srcset=\"https:\/\/entwicklungsoekonomischer-ausschuss.de\/wp-content\/uploads\/2025\/06\/DSCF-4085-1024x683.jpg 1024w, https:\/\/entwicklungsoekonomischer-ausschuss.de\/wp-content\/uploads\/2025\/06\/DSCF-4085-300x200.jpg 300w, https:\/\/entwicklungsoekonomischer-ausschuss.de\/wp-content\/uploads\/2025\/06\/DSCF-4085-768x512.jpg 768w, https:\/\/entwicklungsoekonomischer-ausschuss.de\/wp-content\/uploads\/2025\/06\/DSCF-4085-1536x1024.jpg 1536w, https:\/\/entwicklungsoekonomischer-ausschuss.de\/wp-content\/uploads\/2025\/06\/DSCF-4085-2048x1365.jpg 2048w, https:\/\/entwicklungsoekonomischer-ausschuss.de\/wp-content\/uploads\/2025\/06\/DSCF-4085-18x12.jpg 18w\" sizes=\"(max-width: 512px) 100vw, 512px\" \/><\/a><\/figure><\/div><\/div>\n\n\n\n<div class=\"wp-container-2 wp-block-column\"><div class=\"wp-block-image\">\n<figure class=\"aligncenter size-large is-resized\"><a href=\"https:\/\/entwicklungsoekonomischer-ausschuss.de\/wp-content\/uploads\/2025\/06\/DSCF-4021-scaled.jpg\"><img loading=\"lazy\" src=\"https:\/\/entwicklungsoekonomischer-ausschuss.de\/wp-content\/uploads\/2025\/06\/DSCF-4021-1024x683.jpg\" alt=\"\" class=\"wp-image-3172\" width=\"512\" height=\"342\" srcset=\"https:\/\/entwicklungsoekonomischer-ausschuss.de\/wp-content\/uploads\/2025\/06\/DSCF-4021-1024x683.jpg 1024w, https:\/\/entwicklungsoekonomischer-ausschuss.de\/wp-content\/uploads\/2025\/06\/DSCF-4021-300x200.jpg 300w, https:\/\/entwicklungsoekonomischer-ausschuss.de\/wp-content\/uploads\/2025\/06\/DSCF-4021-768x512.jpg 768w, https:\/\/entwicklungsoekonomischer-ausschuss.de\/wp-content\/uploads\/2025\/06\/DSCF-4021-1536x1024.jpg 1536w, https:\/\/entwicklungsoekonomischer-ausschuss.de\/wp-content\/uploads\/2025\/06\/DSCF-4021-2048x1365.jpg 2048w, https:\/\/entwicklungsoekonomischer-ausschuss.de\/wp-content\/uploads\/2025\/06\/DSCF-4021-18x12.jpg 18w\" sizes=\"(max-width: 512px) 100vw, 512px\" \/><\/a><\/figure><\/div><\/div>\n<\/div>\n\n\n\n<h6>Keynote Speakers<\/h6>\n\n\n\n<p>Abhijit Banerjee (MIT)<br>Imran Rasul (University College London)<\/p>\n\n\n\n<h6>Local Organizer<\/h6>\n\n\n\n<p>Matthias Sch\u00fcndeln (Goethe University Frankfurt)<\/p>\n\n\n\n<h6>Program Chair<\/h6>\n\n\n\n<p>Krisztina Kis-Katos (University of G\u00f6ttingen)<\/p>\n\n\n\n<h6>Selection Committee<\/h6>\n\n\n\n<p>Martin Gassebner (Leibniz University Hannover), Michael Grimm (University of Passau), Andr\u00e9 Gr\u00f6ger (Universitat Autonoma de Barcelona), Isabel G\u00fcnther (ETH Z\u00fcrich), Renate Hartwig (RWI), Tobias Heidland (Kiel Institute), Krisztina Kis-Katos (University of G\u00f6ttingen), Sarah Langlotz (University of G\u00f6ttingen) and Matthias Sch\u00fcndeln (Goethe University Frankfurt)<\/p>\n\n\n\n<h6>Submission<\/h6>\n\n\n\n<p>The CfP closed on February 15.&nbsp;<\/p>\n\n\n\n<h6>Program<\/h6>\n\n\n\n<p>The program can be found&nbsp;<a rel=\"noreferrer noopener\" href=\"https:\/\/events.gwdg.de\/event\/970\/attachments\/964\/2549\/2025%20Program%20GDEC-10.pdf\" target=\"_blank\">here<\/a>.<\/p>","protected":false},"excerpt":{"rendered":"<p>The 2025 German Development Economics conference took place on 12-13 June, 2025, and was hosted by the Goethe University Frankfurt. The annual conference brings together international scholars and researchers of development economics and neighboring fields. Plenary sessions with keynote speakers, parallel sessions with contributed papers, and poster sessions will reflect the current state of research [&hellip;]<\/p>","protected":false},"author":1,"featured_media":0,"parent":47,"menu_order":0,"comment_status":"closed","ping_status":"closed","template":"","meta":[],"uagb_featured_image_src":{"full":false,"thumbnail":false,"medium":false,"medium_large":false,"large":false,"1536x1536":false,"2048x2048":false,"trp-custom-language-flag":false},"uagb_author_info":{"display_name":"entwicklungsoekonomischerausschuss","author_link":"https:\/\/entwicklungsoekonomischer-ausschuss.de\/en\/author\/entwicklungsoekonomischerausschuss\/"},"uagb_comment_info":0,"uagb_excerpt":"The 2025 German Development Economics conference took place on 12-13 June, 2025, and was hosted by the Goethe University Frankfurt. The annual conference brings together international scholars and researchers of development economics and neighboring fields. Plenary sessions with keynote speakers, parallel sessions with contributed papers, and poster sessions will reflect the current state of research&hellip;","_links":{"self":[{"href":"https:\/\/entwicklungsoekonomischer-ausschuss.de\/en\/wp-json\/wp\/v2\/pages\/3036"}],"collection":[{"href":"https:\/\/entwicklungsoekonomischer-ausschuss.de\/en\/wp-json\/wp\/v2\/pages"}],"about":[{"href":"https:\/\/entwicklungsoekonomischer-ausschuss.de\/en\/wp-json\/wp\/v2\/types\/page"}],"author":[{"embeddable":true,"href":"https:\/\/entwicklungsoekonomischer-ausschuss.de\/en\/wp-json\/wp\/v2\/users\/1"}],"replies":[{"embeddable":true,"href":"https:\/\/entwicklungsoekonomischer-ausschuss.de\/en\/wp-json\/wp\/v2\/comments?post=3036"}],"version-history":[{"count":4,"href":"https:\/\/entwicklungsoekonomischer-ausschuss.de\/en\/wp-json\/wp\/v2\/pages\/3036\/revisions"}],"predecessor-version":[{"id":3208,"href":"https:\/\/entwicklungsoekonomischer-ausschuss.de\/en\/wp-json\/wp\/v2\/pages\/3036\/revisions\/3208"}],"up":[{"embeddable":true,"href":"https:\/\/entwicklungsoekonomischer-ausschuss.de\/en\/wp-json\/wp\/v2\/pages\/47"}],"wp:attachment":[{"href":"https:\/\/entwicklungsoekonomischer-ausschuss.de\/en\/wp-json\/wp\/v2\/media?parent=3036"}],"curies":[{"name":"wp","href":"https:\/\/api.w.org\/{rel}","templated":true}]}}