{"id":358,"date":"2015-10-16T11:57:36","date_gmt":"2015-10-16T11:57:36","guid":{"rendered":"https:\/\/entwicklungsoekonomischer-ausschuss.de\/?page_id=358"},"modified":"2023-11-27T15:56:14","modified_gmt":"2023-11-27T14:56:14","slug":"vorsitzender","status":"publish","type":"page","link":"https:\/\/entwicklungsoekonomischer-ausschuss.de\/en\/ueber\/vorsitzender\/","title":{"rendered":"Chairperson"},"content":{"rendered":"<div class=\"wp-block-image is-style-default\">\n<figure class=\"alignright size-large is-resized\"><a href=\"https:\/\/entwicklungsoekonomischer-ausschuss.de\/wp-content\/uploads\/2020\/05\/DSCF3837.jpg\"><img loading=\"lazy\" src=\"https:\/\/entwicklungsoekonomischer-ausschuss.de\/wp-content\/uploads\/2023\/08\/IMG_3368.jpeg\" alt=\"\" width=\"200\" height=\"590\"\/><\/a><\/figure><\/div>\n\n\n<p>The Chairperson of the Research Group on Development Economics is <a href=\"https:\/\/www.uni-goettingen.de\/de\/krisztina+kis-katos\/545784.html\" target=\"_blank\" rel=\"noreferrer noopener\">Krisztina Kis-Katos<\/a>.<\/p>\n\n\n\n<p><span lang=\"EN-US\">She is a professor of International Economic Policy at the University of G\u00f6ttingen.<\/span><\/p>\n\n\n\n<p><strong>Contact:<\/strong><br>Platz der G\u00f6ttinger Sieben 3 <br>37073 G\u00f6ttingen<span lang=\"DE\"><br><\/span>+49 (0)551 \/ 39-27091<\/p>\n\n\n\n<p>krisztina.kis-katos[at]uni-goettingen.de<\/p>\n\n\n\n<p><\/p>\n\n\n\n<div class=\"wp-container-3 wp-block-columns\">\n<div class=\"wp-container-1 wp-block-column\" style=\"flex-basis:33.33%\"><\/div>\n\n\n\n<div class=\"wp-container-2 wp-block-column\" style=\"flex-basis:100%\">\n<div style=\"height:30px\" aria-hidden=\"true\" class=\"wp-block-spacer\"><\/div>\n<\/div>\n<\/div>","protected":false},"excerpt":{"rendered":"<p>Vorsitzende des Entwicklungs\u00f6konomischen Ausschusses ist Krisztina Kis-Katos. Sie ist Professorin f\u00fcr Internationale Wirtschaftspolitik an der Universit\u00e4t G\u00f6ttingen. Kontakt:Platz der G\u00f6ttinger Sieben 3 37073 G\u00f6ttingen+49 (0)551 \/ 39-27091 krisztina.kis-katos[at]uni-goettingen.de<\/p>","protected":false},"author":1,"featured_media":0,"parent":7,"menu_order":1,"comment_status":"closed","ping_status":"closed","template":"","meta":[],"uagb_featured_image_src":{"full":false,"thumbnail":false,"medium":false,"medium_large":false,"large":false,"1536x1536":false,"2048x2048":false,"trp-custom-language-flag":false},"uagb_author_info":{"display_name":"entwicklungsoekonomischerausschuss","author_link":"https:\/\/entwicklungsoekonomischer-ausschuss.de\/en\/author\/entwicklungsoekonomischerausschuss\/"},"uagb_comment_info":0,"uagb_excerpt":"Vorsitzende des Entwicklungs\u00f6konomischen Ausschusses ist Krisztina Kis-Katos. Sie ist Professorin f\u00fcr Internationale Wirtschaftspolitik an der Universit\u00e4t G\u00f6ttingen. Kontakt:Platz der G\u00f6ttinger Sieben 3 37073 G\u00f6ttingen+49 (0)551 \/ 39-27091 krisztina.kis-katos[at]uni-goettingen.de","_links":{"self":[{"href":"https:\/\/entwicklungsoekonomischer-ausschuss.de\/en\/wp-json\/wp\/v2\/pages\/358"}],"collection":[{"href":"https:\/\/entwicklungsoekonomischer-ausschuss.de\/en\/wp-json\/wp\/v2\/pages"}],"about":[{"href":"https:\/\/entwicklungsoekonomischer-ausschuss.de\/en\/wp-json\/wp\/v2\/types\/page"}],"author":[{"embeddable":true,"href":"https:\/\/entwicklungsoekonomischer-ausschuss.de\/en\/wp-json\/wp\/v2\/users\/1"}],"replies":[{"embeddable":true,"href":"https:\/\/entwicklungsoekonomischer-ausschuss.de\/en\/wp-json\/wp\/v2\/comments?post=358"}],"version-history":[{"count":24,"href":"https:\/\/entwicklungsoekonomischer-ausschuss.de\/en\/wp-json\/wp\/v2\/pages\/358\/revisions"}],"predecessor-version":[{"id":2932,"href":"https:\/\/entwicklungsoekonomischer-ausschuss.de\/en\/wp-json\/wp\/v2\/pages\/358\/revisions\/2932"}],"up":[{"embeddable":true,"href":"https:\/\/entwicklungsoekonomischer-ausschuss.de\/en\/wp-json\/wp\/v2\/pages\/7"}],"wp:attachment":[{"href":"https:\/\/entwicklungsoekonomischer-ausschuss.de\/en\/wp-json\/wp\/v2\/media?parent=358"}],"curies":[{"name":"wp","href":"https:\/\/api.w.org\/{rel}","templated":true}]}}