{"id":363,"date":"2015-10-16T11:57:08","date_gmt":"2015-10-16T11:57:08","guid":{"rendered":"https:\/\/entwicklungsoekonomischer-ausschuss.de\/?page_id=363"},"modified":"2021-03-25T11:30:24","modified_gmt":"2021-03-25T10:30:24","slug":"ueber-den-verein-fuer-socialpolitik","status":"publish","type":"page","link":"https:\/\/entwicklungsoekonomischer-ausschuss.de\/en\/ueber\/ueber-den-verein-fuer-socialpolitik\/","title":{"rendered":"About the German Economic Association"},"content":{"rendered":"<p>The German Economic Association (Verein f\u00fcr Socialpolitik) is an association of about 4.000 German-speaking economists from over 20 countries, primarily Germany, Austria and Switzerland. As one of the largest and oldest associations of economists in the world, the organization aims to further the development and internationalization of economics and related fields. With its 23 standing committees, the central aim of the German Economic Association is to use economic analysis to improve economic policy and inform public debate.<\/p>\n<p>Further information is available on the webpage of the <a href=\"https:\/\/www.socialpolitik.de\/\">German Economic Association<\/a>.<\/p>","protected":false},"excerpt":{"rendered":"<p>Der Verein f\u00fcr Socialpolitik (VfS) ist ein Zusammenschluss von rund 4.000 deutschsprachigen Wirtschaftswissenschaftlern aus \u00fcber 20 L\u00e4ndern, vorwiegend aus Deutschland, \u00d6sterreich und der Schweiz. Als einer der gr\u00f6\u00dften und traditionstreichsten \u00d6konomenvereinigungen der Welt sieht der VfS seine Aufgaben sowohl in der Weiterentwicklung der Volkswirtschaftslehre sowie verwandter Forschungsgebiete als auch in der internationalen Vernetzung seiner Mitglieder. [&hellip;]<\/p>","protected":false},"author":1,"featured_media":0,"parent":7,"menu_order":3,"comment_status":"closed","ping_status":"closed","template":"","meta":[],"uagb_featured_image_src":{"full":false,"thumbnail":false,"medium":false,"medium_large":false,"large":false,"1536x1536":false,"2048x2048":false,"trp-custom-language-flag":false},"uagb_author_info":{"display_name":"entwicklungsoekonomischerausschuss","author_link":"https:\/\/entwicklungsoekonomischer-ausschuss.de\/en\/author\/entwicklungsoekonomischerausschuss\/"},"uagb_comment_info":0,"uagb_excerpt":"Der Verein f\u00fcr Socialpolitik (VfS) ist ein Zusammenschluss von rund 4.000 deutschsprachigen Wirtschaftswissenschaftlern aus \u00fcber 20 L\u00e4ndern, vorwiegend aus Deutschland, \u00d6sterreich und der Schweiz. Als einer der gr\u00f6\u00dften und traditionstreichsten \u00d6konomenvereinigungen der Welt sieht der VfS seine Aufgaben sowohl in der Weiterentwicklung der Volkswirtschaftslehre sowie verwandter Forschungsgebiete als auch in der internationalen Vernetzung seiner Mitglieder.&hellip;","_links":{"self":[{"href":"https:\/\/entwicklungsoekonomischer-ausschuss.de\/en\/wp-json\/wp\/v2\/pages\/363"}],"collection":[{"href":"https:\/\/entwicklungsoekonomischer-ausschuss.de\/en\/wp-json\/wp\/v2\/pages"}],"about":[{"href":"https:\/\/entwicklungsoekonomischer-ausschuss.de\/en\/wp-json\/wp\/v2\/types\/page"}],"author":[{"embeddable":true,"href":"https:\/\/entwicklungsoekonomischer-ausschuss.de\/en\/wp-json\/wp\/v2\/users\/1"}],"replies":[{"embeddable":true,"href":"https:\/\/entwicklungsoekonomischer-ausschuss.de\/en\/wp-json\/wp\/v2\/comments?post=363"}],"version-history":[{"count":3,"href":"https:\/\/entwicklungsoekonomischer-ausschuss.de\/en\/wp-json\/wp\/v2\/pages\/363\/revisions"}],"predecessor-version":[{"id":1414,"href":"https:\/\/entwicklungsoekonomischer-ausschuss.de\/en\/wp-json\/wp\/v2\/pages\/363\/revisions\/1414"}],"up":[{"embeddable":true,"href":"https:\/\/entwicklungsoekonomischer-ausschuss.de\/en\/wp-json\/wp\/v2\/pages\/7"}],"wp:attachment":[{"href":"https:\/\/entwicklungsoekonomischer-ausschuss.de\/en\/wp-json\/wp\/v2\/media?parent=363"}],"curies":[{"name":"wp","href":"https:\/\/api.w.org\/{rel}","templated":true}]}}