{"id":396,"date":"2016-02-20T15:25:46","date_gmt":"2016-02-20T14:25:46","guid":{"rendered":"https:\/\/entwicklungsoekonomischer-ausschuss.de\/?page_id=396"},"modified":"2025-11-27T13:15:46","modified_gmt":"2025-11-27T12:15:46","slug":"foerderpreis","status":"publish","type":"page","link":"https:\/\/entwicklungsoekonomischer-ausschuss.de\/en\/foerderpreis\/","title":{"rendered":"Research Prize"},"content":{"rendered":"<p class=\"has-text-align-left\">The Research Group on Development Economics awards the promotion prize for practice-oriented development research in close cooperation with the KfW Development Bank. <\/p>\n\n\n\n<p class=\"has-text-align-left\">The prize aims to promote the dialogue between science and practice and honors outstanding research that deepens the understanding of how development happens, succeeds or can be funded. The prize is aimed at young scientists and honors three doctoral theses that combine scientific excellence and practical relevance for development policy.<\/p>\n\n\n\n<p class=\"has-text-align-left\">The Research Prize Committee consists of Prof. Dr. <a href=\"https:\/\/www.ethnologie.uni-bayreuth.de\/de\/team\/Alber-Erdmute\/index.php\">Erdmute Alber<\/a> (University of Bayreuth), Prof. Dr. <a href=\"https:\/\/www.idos-research.de\/clara-brandi\/\">Clara Brandi<\/a> (IDOS and University of Bonn), Prof. Dr. <a rel=\"noopener noreferrer\" href=\"http:\/\/www.geographie.uni-koeln.de\/14251.html\" target=\"_blank\">Javier Revilla Diez<\/a> (University of Cologne), Prof. Dr. <a href=\"https:\/\/www.ethno.uni-freiburg.de\/de\/mitarbeiter\/dobler\">Gregor Dobler<\/a> (University of Freiburg), Prof. Dr.<a href=\"https:\/\/www.iuw.uni-hannover.de\/de\/ugrote\/\"> <\/a><a rel=\"noreferrer noopener\" href=\"https:\/\/bse.eu\/people\/groeger-andre\" target=\"_blank\">Andr\u00e9 Groeger<\/a> (Barcelona School of Economics), Prof. Dr. <a rel=\"noreferrer noopener\" href=\"https:\/\/www.uni-goettingen.de\/de\/krisztina+kis-katos\/545784.html\" target=\"_blank\">Krisztina Kis-Katos<\/a> (Universit\u00e4t G\u00f6ttingen), Prof. <a rel=\"noreferrer noopener\" href=\"https:\/\/www.wiwi.uni-frankfurt.de\/abteilungen\/eq\/professoren\/schuendeln\/prof-matthias-schuendeln-phd\/short-biography.html\" target=\"_blank\">Matthias Sch\u00fcndeln<\/a>, Ph.D. (Goethe-Universit\u00e4t Frankfurt), sowie der KfW Entwicklungsbank.<\/p>\n\n\n\n<p class=\"has-text-align-left\">Der n\u00e4chste Bewerbungsschluss ist der 15. Februar 2026.<\/p>\n\n\n\n<p>Further information about the application for the award can be found <a href=\"https:\/\/entwicklungsoekonomischer-ausschuss.de\/wp-content\/uploads\/2025\/11\/Ausschreibung_Foerderpreis_2026.pdf\" target=\"_blank\" rel=\"noreferrer noopener\">here<\/a>.<\/p>","protected":false},"excerpt":{"rendered":"<p>Der Entwicklungs\u00f6konomische Ausschuss des Vereins f\u00fcr Socialpolitik vergibt in enger Kooperation mit der KfW Entwicklungsbank den F\u00f6rderpreis f\u00fcr praxisrelevante Entwicklungsforschung. Der Preis will den Dialog zwischen Wissenschaft und Praxis f\u00f6rdern und honoriert herausragende Forschung, die das Verst\u00e4ndnis vertieft, wie Entwicklung geschieht, gelingt oder gef\u00f6rdert werden kann. Der Preis richtet sich an Nachwuchswissenschaftler:innen und pr\u00e4miert drei [&hellip;]<\/p>","protected":false},"author":1,"featured_media":0,"parent":0,"menu_order":4,"comment_status":"closed","ping_status":"closed","template":"","meta":[],"uagb_featured_image_src":{"full":false,"thumbnail":false,"medium":false,"medium_large":false,"large":false,"1536x1536":false,"2048x2048":false,"trp-custom-language-flag":false},"uagb_author_info":{"display_name":"entwicklungsoekonomischerausschuss","author_link":"https:\/\/entwicklungsoekonomischer-ausschuss.de\/en\/author\/entwicklungsoekonomischerausschuss\/"},"uagb_comment_info":0,"uagb_excerpt":"Der Entwicklungs\u00f6konomische Ausschuss des Vereins f\u00fcr Socialpolitik vergibt in enger Kooperation mit der KfW Entwicklungsbank den F\u00f6rderpreis f\u00fcr praxisrelevante Entwicklungsforschung. Der Preis will den Dialog zwischen Wissenschaft und Praxis f\u00f6rdern und honoriert herausragende Forschung, die das Verst\u00e4ndnis vertieft, wie Entwicklung geschieht, gelingt oder gef\u00f6rdert werden kann. Der Preis richtet sich an Nachwuchswissenschaftler:innen und pr\u00e4miert drei&hellip;","_links":{"self":[{"href":"https:\/\/entwicklungsoekonomischer-ausschuss.de\/en\/wp-json\/wp\/v2\/pages\/396"}],"collection":[{"href":"https:\/\/entwicklungsoekonomischer-ausschuss.de\/en\/wp-json\/wp\/v2\/pages"}],"about":[{"href":"https:\/\/entwicklungsoekonomischer-ausschuss.de\/en\/wp-json\/wp\/v2\/types\/page"}],"author":[{"embeddable":true,"href":"https:\/\/entwicklungsoekonomischer-ausschuss.de\/en\/wp-json\/wp\/v2\/users\/1"}],"replies":[{"embeddable":true,"href":"https:\/\/entwicklungsoekonomischer-ausschuss.de\/en\/wp-json\/wp\/v2\/comments?post=396"}],"version-history":[{"count":55,"href":"https:\/\/entwicklungsoekonomischer-ausschuss.de\/en\/wp-json\/wp\/v2\/pages\/396\/revisions"}],"predecessor-version":[{"id":3204,"href":"https:\/\/entwicklungsoekonomischer-ausschuss.de\/en\/wp-json\/wp\/v2\/pages\/396\/revisions\/3204"}],"wp:attachment":[{"href":"https:\/\/entwicklungsoekonomischer-ausschuss.de\/en\/wp-json\/wp\/v2\/media?parent=396"}],"curies":[{"name":"wp","href":"https:\/\/api.w.org\/{rel}","templated":true}]}}