{"id":409,"date":"2016-02-20T20:24:23","date_gmt":"2016-02-20T20:24:23","guid":{"rendered":"https:\/\/entwicklungsoekonomischer-ausschuss.de\/?page_id=409"},"modified":"2024-05-29T20:36:19","modified_gmt":"2024-05-29T18:36:19","slug":"diesjaehrige-preistraeger","status":"publish","type":"page","link":"https:\/\/entwicklungsoekonomischer-ausschuss.de\/en\/foerderpreis\/diesjaehrige-preistraeger\/","title":{"rendered":"Preistr\u00e4ger 2024"},"content":{"rendered":"<h6>Young Researcher<\/h6>\n\n\n\n<figure class=\"wp-block-table\"><table><tbody><tr><td><strong>Name and affiliation<\/strong><\/td><td><strong>Dissertation<\/strong><\/td><\/tr><tr><td>1. Platz: Manuela Fritz (Promoviert an der Universit\u00e4t Passau)<\/td><td>\u201cHealth challenges of the 21st century \u2013 Empirical essays on the health and economic burden of non-communicable diseases in Southeast Asia\u201d<\/td><\/tr><tr><td>2. Platz: Tobias Korn (Promoviert an der Leibniz-Universit\u00e4t Hannover)<\/td><td>\u201cThe Economic Consequences of Political Turmoil\u201d<\/td><\/tr><tr><td>3. Platz: Paulina Hauser (Promoviert an der Universit\u00e4t Erlangen)<\/td><td>\u201cAlle Menschen sind frei und gleich an W\u00fcrde und Rechten geboren. Sozialethische Analyse von Menschenrechtsverletzungen an Frauen aus globaler Perspektive\u201d<\/td><\/tr><\/tbody><\/table><\/figure>\n\n\n\n<div class=\"wp-container-4 wp-block-columns\">\n<div class=\"wp-container-1 wp-block-column\" style=\"flex-basis:55%\">\n<div style=\"height:1px\" aria-hidden=\"true\" class=\"wp-block-spacer\"><\/div>\n\n\n\n<p>Die Preisverleihung f\u00fcr den diesj\u00e4hrigen F\u00f6rderpreis fand im Rahmen der Jahreskonferenz des Entwicklungs\u00f6konomischen Ausschusses des Vereins f\u00fcr Socialpolitik im Mai 2024 in Hannover statt.<\/p>\n\n\n\n<p>Additional information (in German) is available on the KfW website: <a href=\"https:\/\/www.kfw-entwicklungsbank.de\/Internationale-Finanzierung\/KfW-Entwicklungsbank\/Denkfabrik\/F\u00f6rderpreis\/\" target=\"_blank\" rel=\"noreferrer noopener\">KfW und Verein f\u00fcr Socialpolitik verleihen Nachwuchsf\u00f6rderpreis f\u00fcr Entwicklungsforschung | KfW<\/a>.<\/p>\n\n\n\n<h6>Prize Committee<\/h6>\n\n\n\n<p><a href=\"https:\/\/www.gequindi.uni-bayreuth.de\/de\/beteiligte-personen\/Alber-Erdmute\/index.php\">Edmunte Alber<\/a> (University of Bayreuth)<br><a href=\"https:\/\/www.idos-research.de\/clara-brandi\/\">Clara Brandi<\/a> (IDOS and University of Bonn),<br><a href=\"https:\/\/www.ethno.uni-freiburg.de\/de\/personen\/dobler\" target=\"_blank\" rel=\"noreferrer noopener\">Gregor Dobler<\/a> (University of Freiburg),<br><a href=\"https:\/\/www.iuw.uni-hannover.de\/en\/ugrote\">Ulrike Grote<\/a>\u00a0(University of Hannover),<br><a rel=\"noreferrer noopener\" href=\"https:\/\/www.uni-goettingen.de\/de\/krisztina+kis-katos\/545784.html\" target=\"_blank\">Krisztina Kis-Katos<\/a> (University of G\u00f6ttingen),<br><a rel=\"noreferrer noopener\" href=\"http:\/\/www.geographie.uni-koeln.de\/14251.html\" target=\"_blank\">Javier Revilla Diez<\/a>\u00a0(University of Cologne),<br><a rel=\"noreferrer noopener\" href=\"https:\/\/www.old.wiwi.uni-frankfurt.de\/abteilungen\/eq\/professoren\/schuendeln\/prof-matthias-schuendeln-phd\/short-biography.html\" target=\"_blank\">Matthias Sch\u00fcndeln<\/a> (Universit\u00e4t Frankfurt),<br><a rel=\"noreferrer noopener\" href=\"https:\/\/www.kfw.de\/kfw.de.html\" target=\"_blank\">KfW Entwicklungsbank<\/a>.<\/p>\n<\/div>\n\n\n\n<div class=\"wp-container-2 wp-block-column\" style=\"flex-basis:40%\"><div class=\"wp-block-image\">\n<figure class=\"aligncenter size-full\"><a href=\"https:\/\/entwicklungsoekonomischer-ausschuss.de\/wp-content\/uploads\/2024\/05\/7CR6163-1.png\"><img loading=\"lazy\" width=\"1024\" height=\"683\" src=\"https:\/\/entwicklungsoekonomischer-ausschuss.de\/wp-content\/uploads\/2024\/05\/7CR6163-1.png\" alt=\"\" class=\"wp-image-3066\" srcset=\"https:\/\/entwicklungsoekonomischer-ausschuss.de\/wp-content\/uploads\/2024\/05\/7CR6163-1.png 1024w, https:\/\/entwicklungsoekonomischer-ausschuss.de\/wp-content\/uploads\/2024\/05\/7CR6163-1-300x200.png 300w, https:\/\/entwicklungsoekonomischer-ausschuss.de\/wp-content\/uploads\/2024\/05\/7CR6163-1-768x512.png 768w, https:\/\/entwicklungsoekonomischer-ausschuss.de\/wp-content\/uploads\/2024\/05\/7CR6163-1-18x12.png 18w\" sizes=\"(max-width: 1024px) 100vw, 1024px\" \/><\/a><figcaption>Von links nach rechts: Krisztina Kis-Katos (Vorsitzende des Entwicklungs\u00f6konomischen Ausschusses), Vera Molitor (KfW), Manuela Fritz, Tobias Korn, Paulina Hauser.<\/figcaption><\/figure><\/div><\/div>\n\n\n\n<div class=\"wp-container-3 wp-block-column\" style=\"flex-basis:5%\"><\/div>\n<\/div>\n\n\n\n<p>&nbsp;<\/p>","protected":false},"excerpt":{"rendered":"<p>Young Researcher Name und Affiliation Dissertation 1. Platz: Manuela Fritz (Promoviert an der Universit\u00e4t Passau) \u201cHealth challenges of the 21st century \u2013 Empirical essays on the health and economic burden of non-communicable diseases in Southeast Asia\u201d 2. Platz: Tobias Korn (Promoviert an der Leibniz-Universit\u00e4t Hannover) \u201cThe Economic Consequences of Political Turmoil\u201d 3. Platz: Paulina Hauser [&hellip;]<\/p>","protected":false},"author":1,"featured_media":0,"parent":396,"menu_order":1,"comment_status":"closed","ping_status":"closed","template":"","meta":[],"uagb_featured_image_src":{"full":false,"thumbnail":false,"medium":false,"medium_large":false,"large":false,"1536x1536":false,"2048x2048":false,"trp-custom-language-flag":false},"uagb_author_info":{"display_name":"entwicklungsoekonomischerausschuss","author_link":"https:\/\/entwicklungsoekonomischer-ausschuss.de\/en\/author\/entwicklungsoekonomischerausschuss\/"},"uagb_comment_info":0,"uagb_excerpt":"Young Researcher Name und Affiliation Dissertation 1. Platz: Manuela Fritz (Promoviert an der Universit\u00e4t Passau) \u201cHealth challenges of the 21st century \u2013 Empirical essays on the health and economic burden of non-communicable diseases in Southeast Asia\u201d 2. Platz: Tobias Korn (Promoviert an der Leibniz-Universit\u00e4t Hannover) \u201cThe Economic Consequences of Political Turmoil\u201d 3. Platz: Paulina Hauser&hellip;","_links":{"self":[{"href":"https:\/\/entwicklungsoekonomischer-ausschuss.de\/en\/wp-json\/wp\/v2\/pages\/409"}],"collection":[{"href":"https:\/\/entwicklungsoekonomischer-ausschuss.de\/en\/wp-json\/wp\/v2\/pages"}],"about":[{"href":"https:\/\/entwicklungsoekonomischer-ausschuss.de\/en\/wp-json\/wp\/v2\/types\/page"}],"author":[{"embeddable":true,"href":"https:\/\/entwicklungsoekonomischer-ausschuss.de\/en\/wp-json\/wp\/v2\/users\/1"}],"replies":[{"embeddable":true,"href":"https:\/\/entwicklungsoekonomischer-ausschuss.de\/en\/wp-json\/wp\/v2\/comments?post=409"}],"version-history":[{"count":49,"href":"https:\/\/entwicklungsoekonomischer-ausschuss.de\/en\/wp-json\/wp\/v2\/pages\/409\/revisions"}],"predecessor-version":[{"id":3068,"href":"https:\/\/entwicklungsoekonomischer-ausschuss.de\/en\/wp-json\/wp\/v2\/pages\/409\/revisions\/3068"}],"up":[{"embeddable":true,"href":"https:\/\/entwicklungsoekonomischer-ausschuss.de\/en\/wp-json\/wp\/v2\/pages\/396"}],"wp:attachment":[{"href":"https:\/\/entwicklungsoekonomischer-ausschuss.de\/en\/wp-json\/wp\/v2\/media?parent=409"}],"curies":[{"name":"wp","href":"https:\/\/api.w.org\/{rel}","templated":true}]}}