{"id":55,"date":"2015-09-16T21:36:55","date_gmt":"2015-09-16T21:36:55","guid":{"rendered":"https:\/\/entwicklungsoekonomischer-ausschuss.de\/?page_id=55"},"modified":"2023-11-27T15:54:49","modified_gmt":"2023-11-27T14:54:49","slug":"kontakt","status":"publish","type":"page","link":"https:\/\/entwicklungsoekonomischer-ausschuss.de\/en\/kontakt\/","title":{"rendered":"Contact Us"},"content":{"rendered":"<p><strong>Standing Field Committee for Development Economics<\/strong><\/p>\n<p>Vorsitz: Prof. Dr. Krisztina Kis-Katos<\/p>\n<p>Lehrstuhl f\u00fcr Internationale Wirtschaftspolitik<br \/>\nUniversity of G\u00f6ttingen<br \/>\nPlatz der G\u00f6ttinger Sieben 3<br \/>\n37073 G\u00f6ttingen<\/p>\n<p>Tel.: +49 (0)551 \/ 39-27091<\/p>\n<p>Email: <a href=\"mailto:gde@uni-goettingen.de?subject=German%20Development%20Economics%20Conference%202024\">gde@uni-goettingen.de<\/a><br \/>\nWeb: <a href=\"https:\/\/entwicklungsoekonomischer-ausschuss.de\">www.entwicklungsoekonomischer-ausschuss.de<\/a><\/p>","protected":false},"excerpt":{"rendered":"<p>Entwicklungs\u00f6konomischer Ausschuss Vorsitz: Prof. Dr. Krisztina Kis-Katos Lehrstuhl f\u00fcr Internationale Wirtschaftspolitik Universit\u00e4t G\u00f6ttingen Platz der G\u00f6ttinger Sieben 3 37073 G\u00f6ttingen Tel.: +49 (0)551 \/ 39-27091 E-Mail: gde@uni-goettingen.de Web: www.entwicklungsoekonomischer-ausschuss.de<\/p>","protected":false},"author":1,"featured_media":0,"parent":0,"menu_order":4,"comment_status":"closed","ping_status":"closed","template":"","meta":[],"uagb_featured_image_src":{"full":false,"thumbnail":false,"medium":false,"medium_large":false,"large":false,"1536x1536":false,"2048x2048":false,"trp-custom-language-flag":false},"uagb_author_info":{"display_name":"entwicklungsoekonomischerausschuss","author_link":"https:\/\/entwicklungsoekonomischer-ausschuss.de\/en\/author\/entwicklungsoekonomischerausschuss\/"},"uagb_comment_info":0,"uagb_excerpt":"Entwicklungs\u00f6konomischer Ausschuss Vorsitz: Prof. Dr. Krisztina Kis-Katos Lehrstuhl f\u00fcr Internationale Wirtschaftspolitik Universit\u00e4t G\u00f6ttingen Platz der G\u00f6ttinger Sieben 3 37073 G\u00f6ttingen Tel.: +49 (0)551 \/ 39-27091 E-Mail: gde@uni-goettingen.de Web: www.entwicklungsoekonomischer-ausschuss.de","_links":{"self":[{"href":"https:\/\/entwicklungsoekonomischer-ausschuss.de\/en\/wp-json\/wp\/v2\/pages\/55"}],"collection":[{"href":"https:\/\/entwicklungsoekonomischer-ausschuss.de\/en\/wp-json\/wp\/v2\/pages"}],"about":[{"href":"https:\/\/entwicklungsoekonomischer-ausschuss.de\/en\/wp-json\/wp\/v2\/types\/page"}],"author":[{"embeddable":true,"href":"https:\/\/entwicklungsoekonomischer-ausschuss.de\/en\/wp-json\/wp\/v2\/users\/1"}],"replies":[{"embeddable":true,"href":"https:\/\/entwicklungsoekonomischer-ausschuss.de\/en\/wp-json\/wp\/v2\/comments?post=55"}],"version-history":[{"count":10,"href":"https:\/\/entwicklungsoekonomischer-ausschuss.de\/en\/wp-json\/wp\/v2\/pages\/55\/revisions"}],"predecessor-version":[{"id":2931,"href":"https:\/\/entwicklungsoekonomischer-ausschuss.de\/en\/wp-json\/wp\/v2\/pages\/55\/revisions\/2931"}],"wp:attachment":[{"href":"https:\/\/entwicklungsoekonomischer-ausschuss.de\/en\/wp-json\/wp\/v2\/media?parent=55"}],"curies":[{"name":"wp","href":"https:\/\/api.w.org\/{rel}","templated":true}]}}